{"id":5531,"date":"2018-11-26T18:34:39","date_gmt":"2018-11-26T17:34:39","guid":{"rendered":"https:\/\/amikal.xyz\/portfolio\/wordpress\/produit\/thug-life\/"},"modified":"2026-01-20T01:15:33","modified_gmt":"2026-01-20T00:15:33","slug":"thug-life","status":"publish","type":"product","link":"https:\/\/amikal.xyz\/portfolio\/wordpress\/produit\/thug-life\/","title":{"rendered":"Thug life"},"content":{"rendered":"<p>Parce qu&#8217;on a tous un petit c\u00f4t\u00e9 thug&#8230; mais pas trop quand-m\u00eame<\/p>\n<p>imprim\u00e9 sur un t-shirt bella 3001<\/p>\n","protected":false},"excerpt":{"rendered":"<p>Parce qu&#8217;on a tous un petit c\u00f4t\u00e9 thug&#8230; mais pas trop quand-m\u00eame imprim\u00e9 sur un t-shirt bella 3001<\/p>\n","protected":false},"featured_media":5647,"comment_status":"open","ping_status":"closed","template":"","meta":[],"product_brand":[],"product_cat":[57],"product_tag":[],"class_list":{"0":"post-5531","1":"product","2":"type-product","3":"status-publish","4":"has-post-thumbnail","6":"product_cat-hommes","7":"pif-has-gallery","9":"first","10":"instock","11":"shipping-taxable","12":"purchasable","13":"product-type-variable","14":"has-default-attributes"},"_links":{"self":[{"href":"https:\/\/amikal.xyz\/portfolio\/wordpress\/wp-json\/wp\/v2\/product\/5531","targetHints":{"allow":["GET"]}}],"collection":[{"href":"https:\/\/amikal.xyz\/portfolio\/wordpress\/wp-json\/wp\/v2\/product"}],"about":[{"href":"https:\/\/amikal.xyz\/portfolio\/wordpress\/wp-json\/wp\/v2\/types\/product"}],"replies":[{"embeddable":true,"href":"https:\/\/amikal.xyz\/portfolio\/wordpress\/wp-json\/wp\/v2\/comments?post=5531"}],"wp:featuredmedia":[{"embeddable":true,"href":"https:\/\/amikal.xyz\/portfolio\/wordpress\/wp-json\/wp\/v2\/media\/5647"}],"wp:attachment":[{"href":"https:\/\/amikal.xyz\/portfolio\/wordpress\/wp-json\/wp\/v2\/media?parent=5531"}],"wp:term":[{"taxonomy":"product_brand","embeddable":true,"href":"https:\/\/amikal.xyz\/portfolio\/wordpress\/wp-json\/wp\/v2\/product_brand?post=5531"},{"taxonomy":"product_cat","embeddable":true,"href":"https:\/\/amikal.xyz\/portfolio\/wordpress\/wp-json\/wp\/v2\/product_cat?post=5531"},{"taxonomy":"product_tag","embeddable":true,"href":"https:\/\/amikal.xyz\/portfolio\/wordpress\/wp-json\/wp\/v2\/product_tag?post=5531"}],"curies":[{"name":"wp","href":"https:\/\/api.w.org\/{rel}","templated":true}]}}