{"id":3617,"date":"2018-11-06T18:16:36","date_gmt":"2018-11-06T17:16:36","guid":{"rendered":"https:\/\/amikal.xyz\/portfolio\/wordpress\/?product=import-placeholder-for-1460"},"modified":"2021-09-17T17:02:33","modified_gmt":"2021-09-17T15:02:33","slug":"serigraphie-a3-faune","status":"publish","type":"product","link":"https:\/\/amikal.xyz\/portfolio\/wordpress\/produit\/serigraphie-a3-faune\/","title":{"rendered":"S\u00e9rigraphie A3 &#8220;Faune&#8221;"},"content":{"rendered":"<p>Limit\u00e9e \u00e0 20 exemplaires, cette s\u00e9rigraphie une couleur a \u00e9t\u00e9 r\u00e9alis\u00e9e pour et par la S\u00e9rigalerie \u00e0 Ambilly. Num\u00e9rot\u00e9e, gaufr\u00e9e et sign\u00e9e, une p\u00e9pite qui fera joli sur ton mur.<\/p>\n","protected":false},"excerpt":{"rendered":"<p>Limit\u00e9e \u00e0 20 exemplaires, cette s\u00e9rigraphie une couleur a \u00e9t\u00e9 r\u00e9alis\u00e9e pour et par la S\u00e9rigalerie \u00e0 Ambilly. Num\u00e9rot\u00e9e, gaufr\u00e9e et sign\u00e9e, une p\u00e9pite qui fera joli sur ton mur.<\/p>\n","protected":false},"featured_media":3630,"comment_status":"closed","ping_status":"closed","template":"","meta":[],"product_brand":[],"product_cat":[55],"product_tag":[],"class_list":{"0":"post-3617","1":"product","2":"type-product","3":"status-publish","4":"has-post-thumbnail","6":"product_cat-art","8":"first","9":"outofstock","10":"shipping-taxable","11":"purchasable","12":"product-type-simple"},"_links":{"self":[{"href":"https:\/\/amikal.xyz\/portfolio\/wordpress\/wp-json\/wp\/v2\/product\/3617","targetHints":{"allow":["GET"]}}],"collection":[{"href":"https:\/\/amikal.xyz\/portfolio\/wordpress\/wp-json\/wp\/v2\/product"}],"about":[{"href":"https:\/\/amikal.xyz\/portfolio\/wordpress\/wp-json\/wp\/v2\/types\/product"}],"replies":[{"embeddable":true,"href":"https:\/\/amikal.xyz\/portfolio\/wordpress\/wp-json\/wp\/v2\/comments?post=3617"}],"wp:featuredmedia":[{"embeddable":true,"href":"https:\/\/amikal.xyz\/portfolio\/wordpress\/wp-json\/wp\/v2\/media\/3630"}],"wp:attachment":[{"href":"https:\/\/amikal.xyz\/portfolio\/wordpress\/wp-json\/wp\/v2\/media?parent=3617"}],"wp:term":[{"taxonomy":"product_brand","embeddable":true,"href":"https:\/\/amikal.xyz\/portfolio\/wordpress\/wp-json\/wp\/v2\/product_brand?post=3617"},{"taxonomy":"product_cat","embeddable":true,"href":"https:\/\/amikal.xyz\/portfolio\/wordpress\/wp-json\/wp\/v2\/product_cat?post=3617"},{"taxonomy":"product_tag","embeddable":true,"href":"https:\/\/amikal.xyz\/portfolio\/wordpress\/wp-json\/wp\/v2\/product_tag?post=3617"}],"curies":[{"name":"wp","href":"https:\/\/api.w.org\/{rel}","templated":true}]}}