{"id":3526,"date":"2018-11-06T18:16:13","date_gmt":"2018-11-06T17:16:13","guid":{"rendered":"https:\/\/amikal.xyz\/portfolio\/wordpress\/?product=import-placeholder-for-1230"},"modified":"2024-12-09T21:37:08","modified_gmt":"2024-12-09T20:37:08","slug":"serigraphie-chaperon-rouge","status":"publish","type":"product","link":"https:\/\/amikal.xyz\/portfolio\/wordpress\/produit\/serigraphie-chaperon-rouge\/","title":{"rendered":"S\u00e9rigraphie chaperon rouge"},"content":{"rendered":"<p>S\u00e9rigraphie artisanale deux couleurs sur\u00a0Papier lessebo natural 300grm<\/p>\n<p>Format A2.<\/p>\n<p>Edition num\u00e9rot\u00e9e sign\u00e9e et limit\u00e9e \u00e0 40 exemplaires.<\/p>\n<hr \/>\n<p><span style=\"color: #993300;\">Il n&#8217;y a plus de s\u00e9rigraphie r\u00e9hauss\u00e9e en stock. Il fallait venir plus t\u00f4t. Ne restent que les s\u00e9rigraphies deux couleurs.<\/span><\/p>\n","protected":false},"excerpt":{"rendered":"<p>S\u00e9rigraphie artisanale deux couleurs sur\u00a0Papier lessebo natural 300grm Format A2. Edition num\u00e9rot\u00e9e sign\u00e9e et limit\u00e9e \u00e0 40 exemplaires. Il n&#8217;y a plus de s\u00e9rigraphie r\u00e9hauss\u00e9e en stock. Il fallait venir plus t\u00f4t. Ne restent que les s\u00e9rigraphies deux couleurs.<\/p>\n","protected":false},"featured_media":3554,"comment_status":"open","ping_status":"closed","template":"","meta":[],"product_brand":[],"product_cat":[55],"product_tag":[],"class_list":{"0":"post-3526","1":"product","2":"type-product","3":"status-publish","4":"has-post-thumbnail","6":"product_cat-art","7":"pif-has-gallery","9":"first","10":"instock","11":"shipping-taxable","12":"purchasable","13":"product-type-variable"},"_links":{"self":[{"href":"https:\/\/amikal.xyz\/portfolio\/wordpress\/wp-json\/wp\/v2\/product\/3526","targetHints":{"allow":["GET"]}}],"collection":[{"href":"https:\/\/amikal.xyz\/portfolio\/wordpress\/wp-json\/wp\/v2\/product"}],"about":[{"href":"https:\/\/amikal.xyz\/portfolio\/wordpress\/wp-json\/wp\/v2\/types\/product"}],"replies":[{"embeddable":true,"href":"https:\/\/amikal.xyz\/portfolio\/wordpress\/wp-json\/wp\/v2\/comments?post=3526"}],"wp:featuredmedia":[{"embeddable":true,"href":"https:\/\/amikal.xyz\/portfolio\/wordpress\/wp-json\/wp\/v2\/media\/3554"}],"wp:attachment":[{"href":"https:\/\/amikal.xyz\/portfolio\/wordpress\/wp-json\/wp\/v2\/media?parent=3526"}],"wp:term":[{"taxonomy":"product_brand","embeddable":true,"href":"https:\/\/amikal.xyz\/portfolio\/wordpress\/wp-json\/wp\/v2\/product_brand?post=3526"},{"taxonomy":"product_cat","embeddable":true,"href":"https:\/\/amikal.xyz\/portfolio\/wordpress\/wp-json\/wp\/v2\/product_cat?post=3526"},{"taxonomy":"product_tag","embeddable":true,"href":"https:\/\/amikal.xyz\/portfolio\/wordpress\/wp-json\/wp\/v2\/product_tag?post=3526"}],"curies":[{"name":"wp","href":"https:\/\/api.w.org\/{rel}","templated":true}]}}