{"id":3470,"date":"2018-11-06T18:15:51","date_gmt":"2018-11-06T17:15:51","guid":{"rendered":"https:\/\/amikal.xyz\/portfolio\/wordpress\/?product=import-placeholder-for-1093"},"modified":"2024-12-09T21:37:07","modified_gmt":"2024-12-09T20:37:07","slug":"body-bebe-3-a-6mois","status":"publish","type":"product","link":"https:\/\/amikal.xyz\/portfolio\/wordpress\/produit\/body-bebe-3-a-6mois\/","title":{"rendered":"Body b\u00e9b\u00e9 3 \u00e0 6mois"},"content":{"rendered":"","protected":false},"excerpt":{"rendered":"","protected":false},"featured_media":3478,"comment_status":"open","ping_status":"closed","template":"","meta":[],"product_brand":[],"product_cat":[60,62],"product_tag":[],"class_list":{"0":"post-3470","1":"product","2":"type-product","3":"status-publish","4":"has-post-thumbnail","6":"product_cat-crevettes","7":"product_cat-pas-cher-mon-ami","8":"product_shipping_class-textile","10":"first","11":"outofstock","12":"sale","13":"shipping-taxable","14":"purchasable","15":"product-type-simple"},"_links":{"self":[{"href":"https:\/\/amikal.xyz\/portfolio\/wordpress\/wp-json\/wp\/v2\/product\/3470","targetHints":{"allow":["GET"]}}],"collection":[{"href":"https:\/\/amikal.xyz\/portfolio\/wordpress\/wp-json\/wp\/v2\/product"}],"about":[{"href":"https:\/\/amikal.xyz\/portfolio\/wordpress\/wp-json\/wp\/v2\/types\/product"}],"replies":[{"embeddable":true,"href":"https:\/\/amikal.xyz\/portfolio\/wordpress\/wp-json\/wp\/v2\/comments?post=3470"}],"wp:featuredmedia":[{"embeddable":true,"href":"https:\/\/amikal.xyz\/portfolio\/wordpress\/wp-json\/wp\/v2\/media\/3478"}],"wp:attachment":[{"href":"https:\/\/amikal.xyz\/portfolio\/wordpress\/wp-json\/wp\/v2\/media?parent=3470"}],"wp:term":[{"taxonomy":"product_brand","embeddable":true,"href":"https:\/\/amikal.xyz\/portfolio\/wordpress\/wp-json\/wp\/v2\/product_brand?post=3470"},{"taxonomy":"product_cat","embeddable":true,"href":"https:\/\/amikal.xyz\/portfolio\/wordpress\/wp-json\/wp\/v2\/product_cat?post=3470"},{"taxonomy":"product_tag","embeddable":true,"href":"https:\/\/amikal.xyz\/portfolio\/wordpress\/wp-json\/wp\/v2\/product_tag?post=3470"}],"curies":[{"name":"wp","href":"https:\/\/api.w.org\/{rel}","templated":true}]}}