{"id":3386,"date":"2018-11-06T18:15:27","date_gmt":"2018-11-06T17:15:27","guid":{"rendered":"https:\/\/amikal.xyz\/portfolio\/wordpress\/?product=import-placeholder-for-965"},"modified":"2023-12-03T02:41:48","modified_gmt":"2023-12-03T01:41:48","slug":"behind-the-wall-vol-2","status":"publish","type":"product","link":"https:\/\/amikal.xyz\/portfolio\/wordpress\/produit\/behind-the-wall-vol-2\/","title":{"rendered":"Behind the wall vol. 2"},"content":{"rendered":"<p>afficher le prix en [woocommerce_currency_converter]<\/p>\n<p>&nbsp;<\/p>\n<p>Behind the wall, c&#8217;est une s\u00e9lection de 19 artistes qui vous ouvrent les pages de leurs carnets de croquis.<\/p>\n<p>Un livre limit\u00e9 \u00e0 <strong><span style=\"color: #99cc00\">650 exemplaires num\u00e9rot\u00e9s<\/span><\/strong> qui vous d\u00e9collera la r\u00e9tine.<\/p>\n<p>Avec : <strong>Artem Solop, Cannibal Letters, Jacky&amp;Hide, Difuz, Buda, Tapaloy, Stom500, Kanos, Monsta, Zc\u00e4pe, Azram, Tougui, Amikal, TCK127 , Moru, Gamo PM, Mr. Woodland, Kors\u00e9<\/strong><\/p>\n<p>192 pages \/ 24. 16.5 cm<\/p>\n<p>ISBN: 978-2-8399-2192-3<\/p>\n<p><span style=\"color: #e8007c\"><em>19 artists showing the hidden pages of their blackbooks on the 192 pages of Behind the wall. There are only 650 numeroted books, once they&#8217;re gone, they won&#8217;t be printed no more.<\/em><\/span><\/p>\n<p><span style=\"color: #e8007c\"><em>Featuring:&nbsp;<strong>Artem Solop, Cannibal Letters, Jacky&amp;Hide, Difuz, Buda, Tapaloy, Stom500, Kanos, Monsta, Zc\u00e4pe, Azram, Tougui, Amikal, TCK127 , Moru, Gamo PM, Mr. Woodland, Kors\u00e9<\/strong><\/em><\/span><\/p>\n<p>[heading id=&#8221;738428aff812afea1021fd9bde70cfd8&#8243; content=&#8221;\u2039\u00a8\u203ap style\u2039\u00b4\u203a\u2039\u00b2\u203atext-align: center;\u2039\u00b2\u203a\u2039\u02dc\u203aSave money in :\u2039\u00a8\u203a\/p\u2039\u02dc\u203a&#8221; heading=&#8221;h1&#8243; margin=&#8221;0px 0px 15px 0px&#8221; style=&#8221;{\u2039\u00b2\u203astyle\u2039\u00b2\u203a:\u2039\u00b2\u203astyle1\u2039\u00b2\u203a,\u2039\u00b2\u203astyle2\u2039\u00b2\u203a:{\u2039\u00b2\u203abackground_text\u2039\u00b2\u203a:\u2039\u00b2\u203a\u2039\u00b2\u203a},\u2039\u00b2\u203astyle3\u2039\u00b2\u203a:{\u2039\u00b2\u203abackground_color\u2039\u00b2\u203a:\u2039\u00b2\u203a\u2039\u00b2\u203a,\u2039\u00b2\u203abackground_image\u2039\u00b2\u203a:\u2039\u00b2\u203a\u2039\u00b2\u203a},\u2039\u00b2\u203astyle4\u2039\u00b2\u203a:{\u2039\u00b2\u203abackground_color\u2039\u00b2\u203a:\u2039\u00b2\u203a\u2039\u00b2\u203a,\u2039\u00b2\u203abackground_image\u2039\u00b2\u203a:\u2039\u00b2\u203a\u2039\u00b2\u203a}}&#8221; text_color=&#8221;&#8221; hover_color=&#8221;&#8221; hover_element=&#8221;heading&#8221; custom_class=&#8221;&#8221; font=&#8221;heading&#8221; font_bold=&#8221;heading&#8221; weight=&#8221;400&#8243; size=&#8221;{\u2039\u00b2\u203asize\u2039\u00b2\u203a:\u2039\u00b2\u203adefault\u2039\u00b2\u203a,\u2039\u00b2\u203acustom\u2039\u00b2\u203a:{\u2039\u00b2\u203adesktop_size\u2039\u00b2\u203a:\u2039\u00b2\u203a\u2039\u00b2\u203a,\u2039\u00b2\u203aresponsive_size\u2039\u00b2\u203a:\u2039\u00b2\u203a\u2039\u00b2\u203a}}&#8221; line_height=&#8221;&#8221; letter_spacing=&#8221;&#8221; animation=&#8221;zoomIn&#8221; animation_speed=&#8221;2&#8243; animation_delay=&#8221;0&#8243; __fw_editor_shortcodes_id=&#8221;ee279336e4d4dae35039b2808dd8c681&#8243; _array_keys=&#8221;{\u2039\u00b2\u203astyle\u2039\u00b2\u203a:\u2039\u00b2\u203astyle\u2039\u00b2\u203a,\u2039\u00b2\u203asize\u2039\u00b2\u203a:\u2039\u00b2\u203asize\u2039\u00b2\u203a}&#8221; _fw_coder=&#8221;aggressive&#8221;][\/heading][countdown id=&#8221;5740c0e6361ffc3027d5356ea9459b39&#8243; date=&#8221;2018\/06\/28 12:00&#8243; style=&#8221;style1&#8243; size=&#8221;small&#8221; alignment=&#8221;center&#8221; number_color=&#8221;#9b9b9b&#8221; title_color=&#8221;&#8221; border_color=&#8221;&#8221; bold=&#8221;regular&#8221; title_size=&#8221;&#8221; __fw_editor_shortcodes_id=&#8221;db73ae5bef9dc3391465b0951ee707e1&#8243; _fw_coder=&#8221;aggressive&#8221;][\/countdown]<\/p>\n","protected":false},"excerpt":{"rendered":"<p>afficher le prix en [woocommerce_currency_converter] &nbsp; Behind the wall, c&#8217;est une s\u00e9lection de 19 artistes qui vous ouvrent les pages de leurs carnets de croquis. Un livre limit\u00e9 \u00e0 650 exemplaires num\u00e9rot\u00e9s qui vous d\u00e9collera la r\u00e9tine. Avec : Artem Solop, Cannibal Letters, Jacky&amp;Hide, Difuz,&#8230;<\/p>\n","protected":false},"featured_media":3399,"comment_status":"open","ping_status":"closed","template":"","meta":[],"product_brand":[],"product_cat":[55],"product_tag":[],"class_list":{"0":"post-3386","1":"product","2":"type-product","3":"status-publish","4":"has-post-thumbnail","6":"product_cat-art","7":"product_shipping_class-lourd","8":"pif-has-gallery","10":"first","11":"instock","12":"shipping-taxable","13":"purchasable","14":"product-type-simple"},"_links":{"self":[{"href":"https:\/\/amikal.xyz\/portfolio\/wordpress\/wp-json\/wp\/v2\/product\/3386","targetHints":{"allow":["GET"]}}],"collection":[{"href":"https:\/\/amikal.xyz\/portfolio\/wordpress\/wp-json\/wp\/v2\/product"}],"about":[{"href":"https:\/\/amikal.xyz\/portfolio\/wordpress\/wp-json\/wp\/v2\/types\/product"}],"replies":[{"embeddable":true,"href":"https:\/\/amikal.xyz\/portfolio\/wordpress\/wp-json\/wp\/v2\/comments?post=3386"}],"wp:featuredmedia":[{"embeddable":true,"href":"https:\/\/amikal.xyz\/portfolio\/wordpress\/wp-json\/wp\/v2\/media\/3399"}],"wp:attachment":[{"href":"https:\/\/amikal.xyz\/portfolio\/wordpress\/wp-json\/wp\/v2\/media?parent=3386"}],"wp:term":[{"taxonomy":"product_brand","embeddable":true,"href":"https:\/\/amikal.xyz\/portfolio\/wordpress\/wp-json\/wp\/v2\/product_brand?post=3386"},{"taxonomy":"product_cat","embeddable":true,"href":"https:\/\/amikal.xyz\/portfolio\/wordpress\/wp-json\/wp\/v2\/product_cat?post=3386"},{"taxonomy":"product_tag","embeddable":true,"href":"https:\/\/amikal.xyz\/portfolio\/wordpress\/wp-json\/wp\/v2\/product_tag?post=3386"}],"curies":[{"name":"wp","href":"https:\/\/api.w.org\/{rel}","templated":true}]}}