{"id":3365,"date":"2018-11-06T18:15:25","date_gmt":"2018-11-06T17:15:25","guid":{"rendered":"https:\/\/amikal.xyz\/portfolio\/wordpress\/?product=import-placeholder-for-919"},"modified":"2024-07-13T14:10:24","modified_gmt":"2024-07-13T12:10:24","slug":"sitckers-pack-1","status":"publish","type":"product","link":"https:\/\/amikal.xyz\/portfolio\/wordpress\/produit\/sitckers-pack-1\/","title":{"rendered":"Sitckers pack 1"},"content":{"rendered":"<p><u>Pack de 6 autocollants.&nbsp;<\/u><\/p>\n<p>Le gris et le rose sont une impression sur papier avec film anti-UV<br \/>\nles 4 autres sont une impression sur vinyle ce qui signifie qu&#8217;ils r\u00e9sistent \u00e0 l&#8217;eau et que tu peux m\u00eame les coller dans ta baignoire.<\/p>\n","protected":false},"excerpt":{"rendered":"<p>pack de 6 autocollants<\/p>\n","protected":false},"featured_media":3391,"comment_status":"open","ping_status":"closed","template":"","meta":[],"product_brand":[],"product_cat":[55],"product_tag":[],"class_list":{"0":"post-3365","1":"product","2":"type-product","3":"status-publish","4":"has-post-thumbnail","6":"product_cat-art","7":"product_shipping_class-envoi-peu-couteux","8":"pif-has-gallery","10":"first","11":"outofstock","12":"shipping-taxable","13":"purchasable","14":"product-type-simple"},"_links":{"self":[{"href":"https:\/\/amikal.xyz\/portfolio\/wordpress\/wp-json\/wp\/v2\/product\/3365","targetHints":{"allow":["GET"]}}],"collection":[{"href":"https:\/\/amikal.xyz\/portfolio\/wordpress\/wp-json\/wp\/v2\/product"}],"about":[{"href":"https:\/\/amikal.xyz\/portfolio\/wordpress\/wp-json\/wp\/v2\/types\/product"}],"replies":[{"embeddable":true,"href":"https:\/\/amikal.xyz\/portfolio\/wordpress\/wp-json\/wp\/v2\/comments?post=3365"}],"wp:featuredmedia":[{"embeddable":true,"href":"https:\/\/amikal.xyz\/portfolio\/wordpress\/wp-json\/wp\/v2\/media\/3391"}],"wp:attachment":[{"href":"https:\/\/amikal.xyz\/portfolio\/wordpress\/wp-json\/wp\/v2\/media?parent=3365"}],"wp:term":[{"taxonomy":"product_brand","embeddable":true,"href":"https:\/\/amikal.xyz\/portfolio\/wordpress\/wp-json\/wp\/v2\/product_brand?post=3365"},{"taxonomy":"product_cat","embeddable":true,"href":"https:\/\/amikal.xyz\/portfolio\/wordpress\/wp-json\/wp\/v2\/product_cat?post=3365"},{"taxonomy":"product_tag","embeddable":true,"href":"https:\/\/amikal.xyz\/portfolio\/wordpress\/wp-json\/wp\/v2\/product_tag?post=3365"}],"curies":[{"name":"wp","href":"https:\/\/api.w.org\/{rel}","templated":true}]}}