{"id":3213,"date":"2018-11-06T18:14:50","date_gmt":"2018-11-06T17:14:50","guid":{"rendered":"https:\/\/amikal.xyz\/portfolio\/wordpress\/?product=import-placeholder-for-303"},"modified":"2022-12-07T15:23:34","modified_gmt":"2022-12-07T14:23:34","slug":"behind-the-wall-edition-normale","status":"publish","type":"product","link":"https:\/\/amikal.xyz\/portfolio\/wordpress\/produit\/behind-the-wall-edition-normale\/","title":{"rendered":"Behind the wall (\u00e9dition &#8220;normale&#8221;)"},"content":{"rendered":"<p>Graffiti book<br \/>\nLe mur, c\u2019est la partie visible de l\u2019iceberg. Derri\u00e8re la fa\u00e7ade, il y a tout un univers qui transpire parfois d\u2019une sueur color\u00e9e sur vos murs gris, mais la mati\u00e8re brute, les blackbooks restent souvent \u00e0 l\u2019abri des regards et c\u2019est bien dommage. Onze artistes vous proposent d\u2019enjamber le mur et de voir ce qu\u2019il y a derri\u00e8re&#8230;<\/p>\n<p>Edition limit\u00e9e \u00e0 250 exemplaires num\u00e9rot\u00e9s<br \/>\nformat: 21x15cm<br \/>\n128 pages<br \/>\navec des dessins de:<b>&nbsp;Doer, Moru, Wozdat, KORNFLEX, Zc\u00e4pe, sevenlab, Slamer, TCK, Padkoi, amikal, Grock&nbsp;<\/b><\/p>\n<p>ISBN 978-2-8399-2035-3<\/p>\n<p>[heading id=&#8221;37d0ec29431563e05c583901b3095b27&#8243; content=&#8221;\u2039\u00a8\u203ap style\u2039\u00b4\u203a\u2039\u00b2\u203atext-align: center;\u2039\u00b2\u203a\u2039\u02dc\u203aSave money in:\u2039\u00a8\u203a\/p\u2039\u02dc\u203a&#8221; heading=&#8221;h1&#8243; margin=&#8221;0px 0px 15px 0px&#8221; style=&#8221;{\u2039\u00b2\u203astyle\u2039\u00b2\u203a:\u2039\u00b2\u203astyle1\u2039\u00b2\u203a,\u2039\u00b2\u203astyle2\u2039\u00b2\u203a:{\u2039\u00b2\u203abackground_text\u2039\u00b2\u203a:\u2039\u00b2\u203a\u2039\u00b2\u203a},\u2039\u00b2\u203astyle3\u2039\u00b2\u203a:{\u2039\u00b2\u203abackground_color\u2039\u00b2\u203a:\u2039\u00b2\u203a\u2039\u00b2\u203a,\u2039\u00b2\u203abackground_image\u2039\u00b2\u203a:\u2039\u00b2\u203a\u2039\u00b2\u203a},\u2039\u00b2\u203astyle4\u2039\u00b2\u203a:{\u2039\u00b2\u203abackground_color\u2039\u00b2\u203a:\u2039\u00b2\u203a\u2039\u00b2\u203a,\u2039\u00b2\u203abackground_image\u2039\u00b2\u203a:\u2039\u00b2\u203a\u2039\u00b2\u203a}}&#8221; text_color=&#8221;&#8221; hover_color=&#8221;&#8221; hover_element=&#8221;heading&#8221; custom_class=&#8221;&#8221; font=&#8221;heading&#8221; font_bold=&#8221;heading&#8221; weight=&#8221;400&#8243; size=&#8221;{\u2039\u00b2\u203asize\u2039\u00b2\u203a:\u2039\u00b2\u203adefault\u2039\u00b2\u203a,\u2039\u00b2\u203acustom\u2039\u00b2\u203a:{\u2039\u00b2\u203adesktop_size\u2039\u00b2\u203a:\u2039\u00b2\u203a\u2039\u00b2\u203a,\u2039\u00b2\u203aresponsive_size\u2039\u00b2\u203a:\u2039\u00b2\u203a\u2039\u00b2\u203a}}&#8221; line_height=&#8221;&#8221; letter_spacing=&#8221;&#8221; animation=&#8221;zoomInUp&#8221; animation_speed=&#8221;2&#8243; animation_delay=&#8221;0&#8243; _array_keys=&#8221;{\u2039\u00b2\u203astyle\u2039\u00b2\u203a:\u2039\u00b2\u203astyle\u2039\u00b2\u203a,\u2039\u00b2\u203asize\u2039\u00b2\u203a:\u2039\u00b2\u203asize\u2039\u00b2\u203a}&#8221; _fw_coder=&#8221;aggressive&#8221; __fw_editor_shortcodes_id=&#8221;32b554dd6be52eacb77c96b23f68c07a&#8221;][\/heading][countdown id=&#8221;3496009845a8dc3619a588a914cf0814&#8243; date=&#8221;2018\/06\/28 00:00&#8243; style=&#8221;style1&#8243; size=&#8221;small&#8221; alignment=&#8221;center&#8221; number_color=&#8221;&#8221; title_color=&#8221;&#8221; border_color=&#8221;&#8221; bold=&#8221;regular&#8221; title_size=&#8221;&#8221; _fw_coder=&#8221;aggressive&#8221; __fw_editor_shortcodes_id=&#8221;6916f3561ef49e2976ee9bdef9031b88&#8243;][\/countdown]<\/p>\n","protected":false},"excerpt":{"rendered":"<p>Livre \/ Graffiti \/ \u00e9dition limit\u00e9e num\u00e9rot\u00e9e<\/p>\n","protected":false},"featured_media":3243,"comment_status":"open","ping_status":"closed","template":"","meta":[],"product_brand":[],"product_cat":[55],"product_tag":[],"class_list":{"0":"post-3213","1":"product","2":"type-product","3":"status-publish","4":"has-post-thumbnail","6":"product_cat-art","7":"product_shipping_class-lourd","8":"pif-has-gallery","10":"first","11":"outofstock","12":"shipping-taxable","13":"purchasable","14":"product-type-simple"},"_links":{"self":[{"href":"https:\/\/amikal.xyz\/portfolio\/wordpress\/wp-json\/wp\/v2\/product\/3213","targetHints":{"allow":["GET"]}}],"collection":[{"href":"https:\/\/amikal.xyz\/portfolio\/wordpress\/wp-json\/wp\/v2\/product"}],"about":[{"href":"https:\/\/amikal.xyz\/portfolio\/wordpress\/wp-json\/wp\/v2\/types\/product"}],"replies":[{"embeddable":true,"href":"https:\/\/amikal.xyz\/portfolio\/wordpress\/wp-json\/wp\/v2\/comments?post=3213"}],"wp:featuredmedia":[{"embeddable":true,"href":"https:\/\/amikal.xyz\/portfolio\/wordpress\/wp-json\/wp\/v2\/media\/3243"}],"wp:attachment":[{"href":"https:\/\/amikal.xyz\/portfolio\/wordpress\/wp-json\/wp\/v2\/media?parent=3213"}],"wp:term":[{"taxonomy":"product_brand","embeddable":true,"href":"https:\/\/amikal.xyz\/portfolio\/wordpress\/wp-json\/wp\/v2\/product_brand?post=3213"},{"taxonomy":"product_cat","embeddable":true,"href":"https:\/\/amikal.xyz\/portfolio\/wordpress\/wp-json\/wp\/v2\/product_cat?post=3213"},{"taxonomy":"product_tag","embeddable":true,"href":"https:\/\/amikal.xyz\/portfolio\/wordpress\/wp-json\/wp\/v2\/product_tag?post=3213"}],"curies":[{"name":"wp","href":"https:\/\/api.w.org\/{rel}","templated":true}]}}