{"id":15251,"date":"2021-09-18T00:49:00","date_gmt":"2021-09-17T22:49:00","guid":{"rendered":"https:\/\/amikal.xyz\/portfolio\/wordpress\/?post_type=product&#038;p=15251"},"modified":"2022-02-22T17:14:03","modified_gmt":"2022-02-22T16:14:03","slug":"letterpress-print-easy-does-it","status":"publish","type":"product","link":"https:\/\/amikal.xyz\/portfolio\/wordpress\/produit\/letterpress-print-easy-does-it\/","title":{"rendered":"Letterpress print Easy does it"},"content":{"rendered":"<p>Impression gaufr\u00e9e sur ancienne presse.<\/p>\n<p>Taille A4<\/p>\n<p>Impression deux couleurs num\u00e9rot\u00e9e et sign\u00e9e. Limit\u00e9e \u00e0 30 exemplaires (un deuxi\u00e8me tirage monochrome de 12 exemplaires a \u00e9galement \u00e9t\u00e9 r\u00e9alis\u00e9)<\/p>\n<div style=\"width: 1920px;\" class=\"wp-video\"><video class=\"wp-video-shortcode\" id=\"video-15251-1\" width=\"1920\" height=\"1080\" preload=\"metadata\" controls=\"controls\"><source type=\"video\/mp4\" src=\"https:\/\/amikal.xyz\/portfolio\/wordpress\/wp-content\/uploads\/2021\/09\/2021-09-15.mp4?_=1\" \/><a href=\"https:\/\/amikal.xyz\/portfolio\/wordpress\/wp-content\/uploads\/2021\/09\/2021-09-15.mp4\">https:\/\/amikal.xyz\/portfolio\/wordpress\/wp-content\/uploads\/2021\/09\/2021-09-15.mp4<\/a><\/video><\/div>\n","protected":false},"excerpt":{"rendered":"<p>Impression gaufr\u00e9e sur ancienne presse. Taille A4 Impression deux couleurs num\u00e9rot\u00e9e et sign\u00e9e. Limit\u00e9e \u00e0 30 exemplaires (un deuxi\u00e8me tirage monochrome de 12 exemplaires a \u00e9galement \u00e9t\u00e9 r\u00e9alis\u00e9)<\/p>\n","protected":false},"featured_media":15260,"comment_status":"closed","ping_status":"closed","template":"","meta":[],"product_brand":[],"product_cat":[55],"product_tag":[],"class_list":{"0":"post-15251","1":"product","2":"type-product","3":"status-publish","4":"has-post-thumbnail","6":"product_cat-art","7":"product_shipping_class-lourd","8":"pif-has-gallery","10":"first","11":"instock","12":"sold-individually","13":"shipping-taxable","14":"purchasable","15":"product-type-variable"},"_links":{"self":[{"href":"https:\/\/amikal.xyz\/portfolio\/wordpress\/wp-json\/wp\/v2\/product\/15251","targetHints":{"allow":["GET"]}}],"collection":[{"href":"https:\/\/amikal.xyz\/portfolio\/wordpress\/wp-json\/wp\/v2\/product"}],"about":[{"href":"https:\/\/amikal.xyz\/portfolio\/wordpress\/wp-json\/wp\/v2\/types\/product"}],"replies":[{"embeddable":true,"href":"https:\/\/amikal.xyz\/portfolio\/wordpress\/wp-json\/wp\/v2\/comments?post=15251"}],"wp:featuredmedia":[{"embeddable":true,"href":"https:\/\/amikal.xyz\/portfolio\/wordpress\/wp-json\/wp\/v2\/media\/15260"}],"wp:attachment":[{"href":"https:\/\/amikal.xyz\/portfolio\/wordpress\/wp-json\/wp\/v2\/media?parent=15251"}],"wp:term":[{"taxonomy":"product_brand","embeddable":true,"href":"https:\/\/amikal.xyz\/portfolio\/wordpress\/wp-json\/wp\/v2\/product_brand?post=15251"},{"taxonomy":"product_cat","embeddable":true,"href":"https:\/\/amikal.xyz\/portfolio\/wordpress\/wp-json\/wp\/v2\/product_cat?post=15251"},{"taxonomy":"product_tag","embeddable":true,"href":"https:\/\/amikal.xyz\/portfolio\/wordpress\/wp-json\/wp\/v2\/product_tag?post=15251"}],"curies":[{"name":"wp","href":"https:\/\/api.w.org\/{rel}","templated":true}]}}