{"id":15121,"date":"2021-07-15T11:45:09","date_gmt":"2021-07-15T09:45:09","guid":{"rendered":"https:\/\/amikal.xyz\/portfolio\/wordpress\/produit\/sweatshirt-eco-responsable-unisexe\/"},"modified":"2024-03-19T17:23:06","modified_gmt":"2024-03-19T16:23:06","slug":"sweatshirt-eco-responsable-unisexe","status":"publish","type":"product","link":"https:\/\/amikal.xyz\/portfolio\/wordpress\/produit\/sweatshirt-eco-responsable-unisexe\/","title":{"rendered":"Sweatshirt \u00e9co-responsable unisexe"},"content":{"rendered":"<p>Parce qu&#8217;un petit oiseau c&#8217;est joli et \u00e7a fait du bien au coeur quand on est triste.<\/p>\n<p>Imprim\u00e9 sur un sweatshirt en coton bio de la marque Stanley<\/p>\n<p>\u2022 85\u00a0% coton peign\u00e9 <strong>biologique<\/strong> fil\u00e9 \u00e0 l&#8217;anneau, 15\u00a0% polyester recycl\u00e9<br \/>\u2022 Poids du tissu\u00a0: 350 g\/m\u00b2 (5,3 oz\/yd\u00b2)<\/p>\n\n\n<p><\/p>\n","protected":false},"excerpt":{"rendered":"<p>Parce qu&#8217;un petit oiseau c&#8217;est joli et \u00e7a fait du bien au coeur quand on est triste. Imprim\u00e9 sur un sweatshirt en coton bio de la marque Stanley \u2022 85\u00a0% coton peign\u00e9 biologique fil\u00e9 \u00e0 l&#8217;anneau, 15\u00a0% polyester recycl\u00e9\u2022 Poids du tissu\u00a0: 350 g\/m\u00b2 (5,3&#8230;<\/p>\n","protected":false},"featured_media":15135,"comment_status":"open","ping_status":"closed","template":"","meta":[],"product_brand":[],"product_cat":[59,57],"product_tag":[],"class_list":{"0":"post-15121","1":"product","2":"type-product","3":"status-publish","4":"has-post-thumbnail","6":"product_cat-femmes","7":"product_cat-hommes","8":"pif-has-gallery","10":"first","11":"instock","12":"shipping-taxable","13":"purchasable","14":"product-type-variable"},"_links":{"self":[{"href":"https:\/\/amikal.xyz\/portfolio\/wordpress\/wp-json\/wp\/v2\/product\/15121","targetHints":{"allow":["GET"]}}],"collection":[{"href":"https:\/\/amikal.xyz\/portfolio\/wordpress\/wp-json\/wp\/v2\/product"}],"about":[{"href":"https:\/\/amikal.xyz\/portfolio\/wordpress\/wp-json\/wp\/v2\/types\/product"}],"replies":[{"embeddable":true,"href":"https:\/\/amikal.xyz\/portfolio\/wordpress\/wp-json\/wp\/v2\/comments?post=15121"}],"wp:featuredmedia":[{"embeddable":true,"href":"https:\/\/amikal.xyz\/portfolio\/wordpress\/wp-json\/wp\/v2\/media\/15135"}],"wp:attachment":[{"href":"https:\/\/amikal.xyz\/portfolio\/wordpress\/wp-json\/wp\/v2\/media?parent=15121"}],"wp:term":[{"taxonomy":"product_brand","embeddable":true,"href":"https:\/\/amikal.xyz\/portfolio\/wordpress\/wp-json\/wp\/v2\/product_brand?post=15121"},{"taxonomy":"product_cat","embeddable":true,"href":"https:\/\/amikal.xyz\/portfolio\/wordpress\/wp-json\/wp\/v2\/product_cat?post=15121"},{"taxonomy":"product_tag","embeddable":true,"href":"https:\/\/amikal.xyz\/portfolio\/wordpress\/wp-json\/wp\/v2\/product_tag?post=15121"}],"curies":[{"name":"wp","href":"https:\/\/api.w.org\/{rel}","templated":true}]}}